{"id":523,"date":"2025-05-10T12:47:59","date_gmt":"2025-05-10T10:47:59","guid":{"rendered":"https:\/\/arche-rp.com\/?page_id=523"},"modified":"2025-05-10T12:48:00","modified_gmt":"2025-05-10T10:48:00","slug":"mentions-legales","status":"publish","type":"page","link":"https:\/\/arche-rp.com\/index.php\/mentions-legales\/","title":{"rendered":"Mentions l\u00e9gales"},"content":{"rendered":"\n<p><strong>\u00c9diteur du site<\/strong><br>Le site arche-rp.com (ci-apr\u00e8s d\u00e9nomm\u00e9 &#8220;le Site&#8221;) est \u00e9dit\u00e9 par :<\/p>\n\n\n\n<ul class=\"wp-block-list\">\n<li><strong>Nom de l\u2019entreprise\/personne<\/strong> : Arche Editions<\/li>\n\n\n\n<li><strong>Forme juridique<\/strong> : Micro-entreprise<\/li>\n\n\n\n<li><strong>Si\u00e8ge social<\/strong> : 34 rue Louis Blanc, 21000 Dijon<\/li>\n\n\n\n<li><strong>SIRET<\/strong> : 94296022000013<\/li>\n\n\n\n<li><strong>Email<\/strong> : archerp.twitch@gmail.com<\/li>\n<\/ul>\n\n\n\n<p><strong>Responsable de publication<\/strong><br>Le directeur de la publication est : Pierre-Alexandre Reungoat.<\/p>\n\n\n\n<p><strong>H\u00e9bergeur<\/strong><br>Le Site est h\u00e9berg\u00e9 par :<\/p>\n\n\n\n<ul class=\"wp-block-list\">\n<li><strong>OVH SAS<\/strong><\/li>\n\n\n\n<li>Adresse : 2 rue Kellermann, 59100 Roubaix, France<\/li>\n\n\n\n<li>T\u00e9l\u00e9phone : +33 (0)9 72 10 10 07<\/li>\n\n\n\n<li>Site web : <a class=\"\" href=\"https:\/\/www.ovhcloud.com\">https:\/\/www.ovhcloud.com<\/a><\/li>\n<\/ul>\n\n\n\n<p><strong>Donn\u00e9es personnelles<\/strong><br>Les donn\u00e9es personnelles collect\u00e9es sur le Site sont trait\u00e9es conform\u00e9ment au R\u00e8glement G\u00e9n\u00e9ral sur la Protection des Donn\u00e9es (RGPD) et \u00e0 la loi Informatique et Libert\u00e9s.<\/p>\n\n\n\n<ul class=\"wp-block-list\">\n<li><strong>Type de donn\u00e9es collect\u00e9es<\/strong> :\n<ul class=\"wp-block-list\">\n<li><strong>Lors de la cr\u00e9ation d\u2019un compte<\/strong> : Nom, pr\u00e9nom, adresse email, adresse postale, num\u00e9ro de t\u00e9l\u00e9phone.<\/li>\n\n\n\n<li><strong>Lors d\u2019une commande<\/strong> : Informations de paiement (via un prestataire s\u00e9curis\u00e9), historique des commandes.<\/li>\n\n\n\n<li><strong>Lors de l\u2019utilisation du formulaire de contact<\/strong> : Nom, email, message.<\/li>\n\n\n\n<li><strong>Donn\u00e9es de navigation<\/strong> : Cookies, adresse IP, comportement sur le site.<\/li>\n<\/ul>\n<\/li>\n\n\n\n<li><strong>Finalit\u00e9<\/strong> : \n<ul class=\"wp-block-list\">\n<li>G\u00e9rer les commandes et leur suivi.<\/li>\n\n\n\n<li>Communiquer avec les clients (service client, newsletters, offres promotionnelles, etc.).<\/li>\n\n\n\n<li>Optimiser l\u2019exp\u00e9rience utilisateur (analyse de navigation, pr\u00e9f\u00e9rences).<\/li>\n\n\n\n<li>Respecter les obligations l\u00e9gales et fiscales.<\/li>\n<\/ul>\n<\/li>\n\n\n\n<li><strong>Dur\u00e9e de conservation<\/strong> :\n<ul class=\"wp-block-list\">\n<li><strong>Comptes clients<\/strong> : Jusqu\u2019\u00e0 la suppression du compte.<\/li>\n\n\n\n<li><strong>Donn\u00e9es de commande<\/strong> : 10 ans (obligation l\u00e9gale).<\/li>\n\n\n\n<li><strong>Donn\u00e9es de contact<\/strong> : 3 ans apr\u00e8s le dernier \u00e9change.<\/li>\n<\/ul>\n<\/li>\n\n\n\n<li><strong>Vos droits<\/strong> : Conform\u00e9ment au RGPD, vous disposez des droits d\u2019acc\u00e8s, de rectification, de suppression, de portabilit\u00e9 et d\u2019opposition concernant vos donn\u00e9es personnelles. Pour exercer ces droits, veuillez contacter : archerp.twitch@gmail.com.<\/li>\n<\/ul>\n\n\n\n<p><strong>Cookies<\/strong><br>Ce site n&#8217;utilise pas de cookie.<\/p>\n\n\n\n<p><strong>Propri\u00e9t\u00e9 intellectuelle<\/strong><br>Tous les contenus pr\u00e9sents sur le Site (textes, images, vid\u00e9os, logos, graphiques, etc.) sont prot\u00e9g\u00e9s par le droit de la propri\u00e9t\u00e9 intellectuelle. Toute reproduction, repr\u00e9sentation ou adaptation totale ou partielle de ces contenus est interdite sans autorisation pr\u00e9alable.<\/p>\n\n\n\n<p><strong>Loi applicable<\/strong><br>Les pr\u00e9sentes mentions l\u00e9gales sont r\u00e9gies par la loi fran\u00e7aise. En cas de litige, les tribunaux fran\u00e7ais seront comp\u00e9tents.<\/p>\n\n\n\n<p><\/p>\n","protected":false},"excerpt":{"rendered":"<p>\u00c9diteur du siteLe site arche-rp.com (ci-apr\u00e8s d\u00e9nomm\u00e9 &#8220;le Site&#8221;) est \u00e9dit\u00e9 par : Responsable de publicationLe directeur de la publication est : Pierre-Alexandre Reungoat. H\u00e9bergeurLe Site est h\u00e9berg\u00e9 par : Donn\u00e9es personnellesLes donn\u00e9es personnelles collect\u00e9es sur le Site sont trait\u00e9es conform\u00e9ment au R\u00e8glement G\u00e9n\u00e9ral sur la Protection des Donn\u00e9es (RGPD) et \u00e0 la loi Informatique [&hellip;]<\/p>\n","protected":false},"author":1,"featured_media":0,"parent":0,"menu_order":0,"comment_status":"closed","ping_status":"closed","template":"","meta":{"saved_in_kubio":false,"footnotes":""},"class_list":["post-523","page","type-page","status-publish","hentry"],"kubio_ai_page_context":{"short_desc":"","purpose":"general"},"yoast_head":"<!-- This site is optimized with the Yoast SEO plugin v27.4 - https:\/\/yoast.com\/product\/yoast-seo-wordpress\/ -->\n<title>Mentions l\u00e9gales - Arche Rp<\/title>\n<meta name=\"robots\" content=\"index, follow, max-snippet:-1, max-image-preview:large, max-video-preview:-1\" \/>\n<link rel=\"canonical\" href=\"https:\/\/arche-rp.com\/index.php\/mentions-legales\/\" \/>\n<meta property=\"og:locale\" content=\"en_US\" \/>\n<meta property=\"og:type\" content=\"article\" \/>\n<meta property=\"og:title\" content=\"Mentions l\u00e9gales - Arche Rp\" \/>\n<meta property=\"og:description\" content=\"\u00c9diteur du siteLe site arche-rp.com (ci-apr\u00e8s d\u00e9nomm\u00e9 &#8220;le Site&#8221;) est \u00e9dit\u00e9 par : Responsable de publicationLe directeur de la publication est : Pierre-Alexandre Reungoat. H\u00e9bergeurLe Site est h\u00e9berg\u00e9 par : Donn\u00e9es personnellesLes donn\u00e9es personnelles collect\u00e9es sur le Site sont trait\u00e9es conform\u00e9ment au R\u00e8glement G\u00e9n\u00e9ral sur la Protection des Donn\u00e9es (RGPD) et \u00e0 la loi Informatique [&hellip;]\" \/>\n<meta property=\"og:url\" content=\"https:\/\/arche-rp.com\/index.php\/mentions-legales\/\" \/>\n<meta property=\"og:site_name\" content=\"Arche Rp\" \/>\n<meta property=\"article:modified_time\" content=\"2025-05-10T10:48:00+00:00\" \/>\n<meta name=\"twitter:card\" content=\"summary_large_image\" \/>\n<meta name=\"twitter:label1\" content=\"Est. reading time\" \/>\n\t<meta name=\"twitter:data1\" content=\"2 minutes\" \/>\n<script type=\"application\/ld+json\" class=\"yoast-schema-graph\">{\"@context\":\"https:\\\/\\\/schema.org\",\"@graph\":[{\"@type\":\"WebPage\",\"@id\":\"https:\\\/\\\/arche-rp.com\\\/index.php\\\/mentions-legales\\\/\",\"url\":\"https:\\\/\\\/arche-rp.com\\\/index.php\\\/mentions-legales\\\/\",\"name\":\"Mentions l\u00e9gales - Arche Rp\",\"isPartOf\":{\"@id\":\"https:\\\/\\\/arche-rp.com\\\/#website\"},\"datePublished\":\"2025-05-10T10:47:59+00:00\",\"dateModified\":\"2025-05-10T10:48:00+00:00\",\"breadcrumb\":{\"@id\":\"https:\\\/\\\/arche-rp.com\\\/index.php\\\/mentions-legales\\\/#breadcrumb\"},\"inLanguage\":\"en-US\",\"potentialAction\":[{\"@type\":\"ReadAction\",\"target\":[\"https:\\\/\\\/arche-rp.com\\\/index.php\\\/mentions-legales\\\/\"]}]},{\"@type\":\"BreadcrumbList\",\"@id\":\"https:\\\/\\\/arche-rp.com\\\/index.php\\\/mentions-legales\\\/#breadcrumb\",\"itemListElement\":[{\"@type\":\"ListItem\",\"position\":1,\"name\":\"Accueil\",\"item\":\"https:\\\/\\\/arche-rp.com\\\/\"},{\"@type\":\"ListItem\",\"position\":2,\"name\":\"Mentions l\u00e9gales\"}]},{\"@type\":\"WebSite\",\"@id\":\"https:\\\/\\\/arche-rp.com\\\/#website\",\"url\":\"https:\\\/\\\/arche-rp.com\\\/\",\"name\":\"Arche Rp\",\"description\":\"Un site utilisant WordPress\",\"potentialAction\":[{\"@type\":\"SearchAction\",\"target\":{\"@type\":\"EntryPoint\",\"urlTemplate\":\"https:\\\/\\\/arche-rp.com\\\/?s={search_term_string}\"},\"query-input\":{\"@type\":\"PropertyValueSpecification\",\"valueRequired\":true,\"valueName\":\"search_term_string\"}}],\"inLanguage\":\"en-US\"}]}<\/script>\n<!-- \/ Yoast SEO plugin. -->","yoast_head_json":{"title":"Mentions l\u00e9gales - Arche Rp","robots":{"index":"index","follow":"follow","max-snippet":"max-snippet:-1","max-image-preview":"max-image-preview:large","max-video-preview":"max-video-preview:-1"},"canonical":"https:\/\/arche-rp.com\/index.php\/mentions-legales\/","og_locale":"en_US","og_type":"article","og_title":"Mentions l\u00e9gales - Arche Rp","og_description":"\u00c9diteur du siteLe site arche-rp.com (ci-apr\u00e8s d\u00e9nomm\u00e9 &#8220;le Site&#8221;) est \u00e9dit\u00e9 par : Responsable de publicationLe directeur de la publication est : Pierre-Alexandre Reungoat. H\u00e9bergeurLe Site est h\u00e9berg\u00e9 par : Donn\u00e9es personnellesLes donn\u00e9es personnelles collect\u00e9es sur le Site sont trait\u00e9es conform\u00e9ment au R\u00e8glement G\u00e9n\u00e9ral sur la Protection des Donn\u00e9es (RGPD) et \u00e0 la loi Informatique [&hellip;]","og_url":"https:\/\/arche-rp.com\/index.php\/mentions-legales\/","og_site_name":"Arche Rp","article_modified_time":"2025-05-10T10:48:00+00:00","twitter_card":"summary_large_image","twitter_misc":{"Est. reading time":"2 minutes"},"schema":{"@context":"https:\/\/schema.org","@graph":[{"@type":"WebPage","@id":"https:\/\/arche-rp.com\/index.php\/mentions-legales\/","url":"https:\/\/arche-rp.com\/index.php\/mentions-legales\/","name":"Mentions l\u00e9gales - Arche Rp","isPartOf":{"@id":"https:\/\/arche-rp.com\/#website"},"datePublished":"2025-05-10T10:47:59+00:00","dateModified":"2025-05-10T10:48:00+00:00","breadcrumb":{"@id":"https:\/\/arche-rp.com\/index.php\/mentions-legales\/#breadcrumb"},"inLanguage":"en-US","potentialAction":[{"@type":"ReadAction","target":["https:\/\/arche-rp.com\/index.php\/mentions-legales\/"]}]},{"@type":"BreadcrumbList","@id":"https:\/\/arche-rp.com\/index.php\/mentions-legales\/#breadcrumb","itemListElement":[{"@type":"ListItem","position":1,"name":"Accueil","item":"https:\/\/arche-rp.com\/"},{"@type":"ListItem","position":2,"name":"Mentions l\u00e9gales"}]},{"@type":"WebSite","@id":"https:\/\/arche-rp.com\/#website","url":"https:\/\/arche-rp.com\/","name":"Arche Rp","description":"Un site utilisant WordPress","potentialAction":[{"@type":"SearchAction","target":{"@type":"EntryPoint","urlTemplate":"https:\/\/arche-rp.com\/?s={search_term_string}"},"query-input":{"@type":"PropertyValueSpecification","valueRequired":true,"valueName":"search_term_string"}}],"inLanguage":"en-US"}]}},"_links":{"self":[{"href":"https:\/\/arche-rp.com\/index.php\/wp-json\/wp\/v2\/pages\/523","targetHints":{"allow":["GET"]}}],"collection":[{"href":"https:\/\/arche-rp.com\/index.php\/wp-json\/wp\/v2\/pages"}],"about":[{"href":"https:\/\/arche-rp.com\/index.php\/wp-json\/wp\/v2\/types\/page"}],"author":[{"embeddable":true,"href":"https:\/\/arche-rp.com\/index.php\/wp-json\/wp\/v2\/users\/1"}],"replies":[{"embeddable":true,"href":"https:\/\/arche-rp.com\/index.php\/wp-json\/wp\/v2\/comments?post=523"}],"version-history":[{"count":1,"href":"https:\/\/arche-rp.com\/index.php\/wp-json\/wp\/v2\/pages\/523\/revisions"}],"predecessor-version":[{"id":525,"href":"https:\/\/arche-rp.com\/index.php\/wp-json\/wp\/v2\/pages\/523\/revisions\/525"}],"wp:attachment":[{"href":"https:\/\/arche-rp.com\/index.php\/wp-json\/wp\/v2\/media?parent=523"}],"curies":[{"name":"wp","href":"https:\/\/api.w.org\/{rel}","templated":true}]}}